{"id":147,"date":"2023-05-18T02:50:10","date_gmt":"2023-05-18T02:50:10","guid":{"rendered":"https:\/\/absolutkapital.es\/?page_id=147"},"modified":"2025-06-26T12:25:38","modified_gmt":"2025-06-26T12:25:38","slug":"contact","status":"publish","type":"page","link":"https:\/\/agrovoss.lv\/en\/contact\/","title":{"rendered":"Contact"},"content":{"rendered":"<div data-elementor-type=\"wp-page\" data-elementor-id=\"147\" class=\"elementor elementor-147\" data-elementor-post-type=\"page\">\n\t\t\t\t\t\t<section class=\"elementor-section elementor-top-section elementor-element elementor-element-1830a93 elementor-section-height-min-height elementor-section-boxed elementor-section-height-default elementor-section-items-middle\" data-id=\"1830a93\" data-element_type=\"section\" data-settings=\"{&quot;background_background&quot;:&quot;classic&quot;}\">\n\t\t\t\t\t\t\t<div class=\"elementor-background-overlay\"><\/div>\n\t\t\t\t\t\t\t<div class=\"elementor-container elementor-column-gap-default\">\n\t\t\t\t\t<div class=\"elementor-column elementor-col-100 elementor-top-column elementor-element elementor-element-6118d76\" data-id=\"6118d76\" data-element_type=\"column\">\n\t\t\t<div class=\"elementor-widget-wrap elementor-element-populated\">\n\t\t\t\t\t\t<div class=\"elementor-element elementor-element-02086cf elementor-widget elementor-widget-surancy_elementor_heading\" data-id=\"02086cf\" data-element_type=\"widget\" data-widget_type=\"surancy_elementor_heading.default\">\n\t\t\t\t<div class=\"elementor-widget-container\">\n\t\t\t\n\t\t<div class=\"ova-heading\">\n            \n            <div class=\"top-heading\">\n\n            \t\n\t\t\t\t\n\t\t\t\t\t\t\n\t\t\t\t\t\t\t<h2 class=\"title\">Contact\n<\/h2>\n\n\t\t\t\t\t\t\n\t\t\t\t\n            <\/div>\n\n\t\t\t\n\t\t<\/div>\n\t\t \t\n\t\t\t\t<\/div>\n\t\t\t\t<\/div>\n\t\t\t\t\t<\/div>\n\t\t<\/div>\n\t\t\t\t\t<\/div>\n\t\t<\/section>\n\t\t\t\t<section class=\"elementor-section elementor-top-section elementor-element elementor-element-228bbfe elementor-section-boxed elementor-section-height-default elementor-section-height-default\" data-id=\"228bbfe\" data-element_type=\"section\">\n\t\t\t\t\t\t<div class=\"elementor-container elementor-column-gap-default\">\n\t\t\t\t\t<div class=\"elementor-column elementor-col-50 elementor-top-column elementor-element elementor-element-4447054\" data-id=\"4447054\" data-element_type=\"column\">\n\t\t\t<div class=\"elementor-widget-wrap elementor-element-populated\">\n\t\t\t\t\t\t<div class=\"elementor-element elementor-element-d312a63 elementor-widget elementor-widget-surancy_elementor_heading\" data-id=\"d312a63\" data-element_type=\"widget\" data-widget_type=\"surancy_elementor_heading.default\">\n\t\t\t\t<div class=\"elementor-widget-container\">\n\t\t\t\n\t\t<div class=\"ova-heading\">\n            \n            <div class=\"top-heading\">\n\n            \t\t\t\t\t\t<div class=\"sub-title-wrapper\">\n\t\t\t\t\t\t\t\t\t\t\t\t\t<div class=\"icon\">\n\t\t\t\t\t\t\t\t<i aria-hidden=\"true\" class=\"fas fa-circle\"><\/i>\t\t\t\t\t\t\t<\/div>\n\t\t\t\t\t\t\t\t\t\t\t\t<h3 class=\"sub-title\">Contact<\/h3>\n\t\t\t\t\t<\/div>\n\t\t\t\t\n\t\t\t\t\n\t\t\t\t\t\t\n\t\t\t\t\t\t\t<h2 class=\"title\">Let\u2019s Connect and Grow Together<\/h2>\n\n\t\t\t\t\t\t\n\t\t\t\t\n            <\/div>\n\n\t\t\t\t\t\t\t<p class=\"description\">Whether you're looking to trade, invest, or partner with us, our team is ready to assist you. We value transparent communication and long-term relationships built on trust. Reach out to explore how Agrovoss can support your goals.\n<\/p>\n\t\t\t\n\t\t<\/div>\n\t\t \t\n\t\t\t\t<\/div>\n\t\t\t\t<\/div>\n\t\t\t\t\t<\/div>\n\t\t<\/div>\n\t\t\t\t<div class=\"elementor-column elementor-col-50 elementor-top-column elementor-element elementor-element-cd2a476\" data-id=\"cd2a476\" data-element_type=\"column\">\n\t\t\t<div class=\"elementor-widget-wrap elementor-element-populated\">\n\t\t\t\t\t\t<div class=\"elementor-element elementor-element-ce77f1f elementor-widget elementor-widget-surancy_elementor_contact_info\" data-id=\"ce77f1f\" data-element_type=\"widget\" data-widget_type=\"surancy_elementor_contact_info.default\">\n\t\t\t\t<div class=\"elementor-widget-container\">\n\t\t\t\t\t\t<div class=\"ova-contact-info stacked\">\n\t\t        \n\t\t        \t\t\t    \t<div class=\"icon\">\n\t\t\t\t\t\t<i class=\"fas fa-map-marker-alt\"><\/i>\n\t\t\t\t\t<\/div>\n\t\t\t\t\t\t\t\t\n\t\t\t\t<div class=\"contact\">\n\t\t\t\t\t\n\t\t\t\t\t\t\t\t\t\t\t<div class=\"label\">\n\t\t\t\t\t\t\tLocation\t\t\t\t\t\t<\/div>\n\t\t\t\t\t\n\t\t\t\t\t<ul class=\"info\">\n\t\t\t\t\t\t\n\t\t\t\t\t\t\t<li class=\"item\">\n\n\t\t\t\t\t\t\t\t\t\t\t\t\t\t\t\t\t\t\tErnesta Birznieka-Up\u012b\u0161a iela 13 - 64,  LV-1011 R\u012bga, Latvia\t\t\t\t\t\t\t\t\t\t\t\t\t\t\t\t\t<\/li>\n\t\t\t\t\t\t\t\n\t\t\t\t\t\t\t\t\t\t\t<\/ul>\n\n\t\t\t\t<\/div>\n\n\t\t\t<\/div>\n\n\t\t\t\t<\/div>\n\t\t\t\t<\/div>\n\t\t\t\t<div class=\"elementor-element elementor-element-f05a8b4 elementor-widget elementor-widget-surancy_elementor_contact_info\" data-id=\"f05a8b4\" data-element_type=\"widget\" data-widget_type=\"surancy_elementor_contact_info.default\">\n\t\t\t\t<div class=\"elementor-widget-container\">\n\t\t\t\t\t\t<div class=\"ova-contact-info stacked\">\n\t\t        \n\t\t        \t\t\t    \t<div class=\"icon\">\n\t\t\t\t\t\t<i class=\"surancy surancy-email\"><\/i>\n\t\t\t\t\t<\/div>\n\t\t\t\t\t\t\t\t\n\t\t\t\t<div class=\"contact\">\n\t\t\t\t\t\n\t\t\t\t\t\t\t\t\t\t\t<div class=\"label\">\n\t\t\t\t\t\t\tEmail\t\t\t\t\t\t<\/div>\n\t\t\t\t\t\n\t\t\t\t\t<ul class=\"info\">\n\t\t\t\t\t\t\n\t\t\t\t\t\t\t<li class=\"item\">\n\n\t\t\t\t\t\t\t\t\t\t\t\t\t\t\t\t\t\t\t<a href=\"mailto:agrovoss@agrovoss.lv\" title=\"address\">\n\t\t\t\t\t\t\t\t\t\t\t\tagrovoss@agrovoss.lv\t\t\t\t\t\t\t\t\t\t\t<\/a>\n\t\t\t\t\t\t\t\t\t\t\t\t\t\t\t\t\t<\/li>\n\t\t\t\t\t\t\t\n\t\t\t\t\t\t\t\t\t\t\t<\/ul>\n\n\t\t\t\t<\/div>\n\n\t\t\t<\/div>\n\n\t\t\t\t<\/div>\n\t\t\t\t<\/div>\n\t\t\t\t<div class=\"elementor-element elementor-element-60eda87 elementor-widget elementor-widget-surancy_elementor_contact_info\" data-id=\"60eda87\" data-element_type=\"widget\" data-widget_type=\"surancy_elementor_contact_info.default\">\n\t\t\t\t<div class=\"elementor-widget-container\">\n\t\t\t\t\t\t<div class=\"ova-contact-info stacked\">\n\t\t        \n\t\t        \t\t\t    \t<div class=\"icon\">\n\t\t\t\t\t\t<i class=\"fas fa-phone\"><\/i>\n\t\t\t\t\t<\/div>\n\t\t\t\t\t\t\t\t\n\t\t\t\t<div class=\"contact\">\n\t\t\t\t\t\n\t\t\t\t\t\t\t\t\t\t\t<div class=\"label\">\n\t\t\t\t\t\t\tPhone\t\t\t\t\t\t<\/div>\n\t\t\t\t\t\n\t\t\t\t\t<ul class=\"info\">\n\t\t\t\t\t\t\n\t\t\t\t\t\t\t<li class=\"item\">\n\n\t\t\t\t\t\t\t\t\t\t\t\t\t\t\t\t\t\t\t<a href=\"tel: 37127078498\" title=\"address\">\n\t\t\t\t\t\t\t\t\t\t\t\t+37127078498\t\t\t\t\t\t\t\t\t\t\t<\/a>\n\t\t\t\t\t\t\t\t\t\t\t\t\t\t\t\t\t<\/li>\n\t\t\t\t\t\t\t\n\t\t\t\t\t\t\t\t\t\t\t<\/ul>\n\n\t\t\t\t<\/div>\n\n\t\t\t<\/div>\n\n\t\t\t\t<\/div>\n\t\t\t\t<\/div>\n\t\t\t\t<div class=\"elementor-element elementor-element-fa76809 elementor-widget-divider--view-line elementor-widget elementor-widget-divider\" data-id=\"fa76809\" data-element_type=\"widget\" data-widget_type=\"divider.default\">\n\t\t\t\t<div class=\"elementor-widget-container\">\n\t\t\t\t\t<div class=\"elementor-divider\">\n\t\t\t<span class=\"elementor-divider-separator\">\n\t\t\t\t\t\t<\/span>\n\t\t<\/div>\n\t\t\t\t<\/div>\n\t\t\t\t<\/div>\n\t\t\t\t<div class=\"elementor-element elementor-element-540189b elementor-shape-circle e-grid-align-left elementor-grid-0 elementor-widget elementor-widget-social-icons\" data-id=\"540189b\" data-element_type=\"widget\" data-widget_type=\"social-icons.default\">\n\t\t\t\t<div class=\"elementor-widget-container\">\n\t\t\t\t\t<div class=\"elementor-social-icons-wrapper elementor-grid\">\n\t\t\t\t\t\t\t<span class=\"elementor-grid-item\">\n\t\t\t\t\t<a class=\"elementor-icon elementor-social-icon elementor-social-icon-facebook-f elementor-repeater-item-213fede\" target=\"_blank\">\n\t\t\t\t\t\t<span class=\"elementor-screen-only\">Facebook-f<\/span>\n\t\t\t\t\t\t<i class=\"fab fa-facebook-f\"><\/i>\t\t\t\t\t<\/a>\n\t\t\t\t<\/span>\n\t\t\t\t\t\t\t<span class=\"elementor-grid-item\">\n\t\t\t\t\t<a class=\"elementor-icon elementor-social-icon elementor-social-icon-instagram elementor-repeater-item-7f655b7\" target=\"_blank\">\n\t\t\t\t\t\t<span class=\"elementor-screen-only\">Instagram<\/span>\n\t\t\t\t\t\t<i class=\"fab fa-instagram\"><\/i>\t\t\t\t\t<\/a>\n\t\t\t\t<\/span>\n\t\t\t\t\t<\/div>\n\t\t\t\t<\/div>\n\t\t\t\t<\/div>\n\t\t\t\t\t<\/div>\n\t\t<\/div>\n\t\t\t\t\t<\/div>\n\t\t<\/section>\n\t\t\t\t<section class=\"elementor-section elementor-top-section elementor-element elementor-element-a853c89 elementor-section-full_width elementor-section-height-default elementor-section-height-default\" data-id=\"a853c89\" data-element_type=\"section\">\n\t\t\t\t\t\t<div class=\"elementor-container elementor-column-gap-no\">\n\t\t\t\t\t<div class=\"elementor-column elementor-col-100 elementor-top-column elementor-element elementor-element-8a83ac7\" data-id=\"8a83ac7\" data-element_type=\"column\">\n\t\t\t<div class=\"elementor-widget-wrap elementor-element-populated\">\n\t\t\t\t\t\t<div class=\"elementor-element elementor-element-7bd1e4e elementor-widget elementor-widget-google_maps\" data-id=\"7bd1e4e\" data-element_type=\"widget\" data-widget_type=\"google_maps.default\">\n\t\t\t\t<div class=\"elementor-widget-container\">\n\t\t\t\t\t<div class=\"elementor-custom-embed\">\n\t\t\t<iframe loading=\"lazy\"\n\t\t\t\t\tsrc=\"https:\/\/maps.google.com\/maps?q=Ernesta%20Birznieka-Up%C4%AB%C5%A1a%20iela%2013%20-%2064%2C%20%20LV-1011%20R%C4%ABga%2C%20Latvia&#038;t=m&#038;z=17&#038;output=embed&#038;iwloc=near\"\n\t\t\t\t\ttitle=\"Ernesta Birznieka-Up\u012b\u0161a iela 13 - 64,  LV-1011 R\u012bga, Latvia\"\n\t\t\t\t\taria-label=\"Ernesta Birznieka-Up\u012b\u0161a iela 13 - 64,  LV-1011 R\u012bga, Latvia\"\n\t\t\t><\/iframe>\n\t\t<\/div>\n\t\t\t\t<\/div>\n\t\t\t\t<\/div>\n\t\t\t\t\t<\/div>\n\t\t<\/div>\n\t\t\t\t\t<\/div>\n\t\t<\/section>\n\t\t\t\t<section class=\"elementor-section elementor-top-section elementor-element elementor-element-b2945d2 elementor-section-boxed elementor-section-height-default elementor-section-height-default\" data-id=\"b2945d2\" data-element_type=\"section\">\n\t\t\t\t\t\t<div class=\"elementor-container elementor-column-gap-default\">\n\t\t\t\t\t<div class=\"elementor-column elementor-col-100 elementor-top-column elementor-element elementor-element-ccdd9d2\" data-id=\"ccdd9d2\" data-element_type=\"column\">\n\t\t\t<div class=\"elementor-widget-wrap elementor-element-populated\">\n\t\t\t\t\t\t<div class=\"elementor-element elementor-element-ced6690 elementor-widget elementor-widget-surancy_elementor_heading\" data-id=\"ced6690\" data-element_type=\"widget\" data-widget_type=\"surancy_elementor_heading.default\">\n\t\t\t\t<div class=\"elementor-widget-container\">\n\t\t\t\n\t\t<div class=\"ova-heading\">\n            \n            <div class=\"top-heading\">\n\n            \t\t\t\t\t\t<div class=\"sub-title-wrapper\">\n\t\t\t\t\t\t\t\t\t\t\t\t\t<div class=\"icon\">\n\t\t\t\t\t\t\t\t<i aria-hidden=\"true\" class=\"fas fa-circle\"><\/i>\t\t\t\t\t\t\t<\/div>\n\t\t\t\t\t\t\t\t\t\t\t\t<h3 class=\"sub-title\">Contact<\/h3>\n\t\t\t\t\t<\/div>\n\t\t\t\t\n\t\t\t\t\n\t\t\t\t\t\t\n\t\t\t\t\t\t\t<h2 class=\"title\">Send Us Message\n<\/h2>\n\n\t\t\t\t\t\t\n\t\t\t\t\n            <\/div>\n\n\t\t\t\n\t\t<\/div>\n\t\t \t\n\t\t\t\t<\/div>\n\t\t\t\t<\/div>\n\t\t\t\t\t<\/div>\n\t\t<\/div>\n\t\t\t\t\t<\/div>\n\t\t<\/section>\n\t\t\t\t<section class=\"elementor-section elementor-top-section elementor-element elementor-element-a23464a elementor-section-boxed elementor-section-height-default elementor-section-height-default\" data-id=\"a23464a\" data-element_type=\"section\">\n\t\t\t\t\t\t<div class=\"elementor-container elementor-column-gap-default\">\n\t\t\t\t\t<div class=\"elementor-column elementor-col-100 elementor-top-column elementor-element elementor-element-f9ac7eb\" data-id=\"f9ac7eb\" data-element_type=\"column\">\n\t\t\t<div class=\"elementor-widget-wrap elementor-element-populated\">\n\t\t\t\t\t\t<div class=\"elementor-element elementor-element-24d7cc1 elementor-widget elementor-widget-shortcode\" data-id=\"24d7cc1\" data-element_type=\"widget\" data-widget_type=\"shortcode.default\">\n\t\t\t\t<div class=\"elementor-widget-container\">\n\t\t\t\t\t<div class=\"elementor-shortcode\">\n<div class=\"wpcf7 no-js\" id=\"wpcf7-f4467-o1\" lang=\"en-US\" dir=\"ltr\" data-wpcf7-id=\"4467\">\n<div class=\"screen-reader-response\"><p role=\"status\" aria-live=\"polite\" aria-atomic=\"true\"><\/p> <ul><\/ul><\/div>\n<form action=\"\/wp-json\/wp\/v2\/pages\/147\" method=\"post\" class=\"wpcf7-form init\" aria-label=\"Contact form\" novalidate=\"novalidate\" data-status=\"init\" data-trp-original-action=\"\/en\/wp-json\/wp\/v2\/pages\/147#wpcf7-f4467-o1\">\n<div style=\"display: none;\">\n<input type=\"hidden\" name=\"_wpcf7\" value=\"4467\" \/>\n<input type=\"hidden\" name=\"_wpcf7_version\" value=\"6.0\" \/>\n<input type=\"hidden\" name=\"_wpcf7_locale\" value=\"en_US\" \/>\n<input type=\"hidden\" name=\"_wpcf7_unit_tag\" value=\"wpcf7-f4467-o1\" \/>\n<input type=\"hidden\" name=\"_wpcf7_container_post\" value=\"0\" \/>\n<input type=\"hidden\" name=\"_wpcf7_posted_data_hash\" value=\"\" \/>\n<input type=\"hidden\" name=\"_wpcf7_recaptcha_response\" value=\"\" \/>\n<\/div>\n<div class=\"ova-ctform ova-team-message-us\">\n\t<div class=\"two_column\">\n\t\t<div class=\"ova_wrap_input\">\n\t\t\t<p><span class=\"wpcf7-form-control-wrap\" data-name=\"full-name\"><input size=\"40\" maxlength=\"400\" class=\"wpcf7-form-control wpcf7-text wpcf7-validates-as-required\" aria-required=\"true\" aria-invalid=\"false\" placeholder=\"Full Name\" value=\"\" type=\"text\" name=\"full-name\" \/><\/span>\n\t\t\t<\/p>\n\t\t<\/div>\n\t\t<div class=\"ova_wrap_input\">\n\t\t\t<p><span class=\"wpcf7-form-control-wrap\" data-name=\"phone_number\"><input size=\"40\" maxlength=\"400\" class=\"wpcf7-form-control wpcf7-tel wpcf7-validates-as-required wpcf7-text wpcf7-validates-as-tel\" aria-required=\"true\" aria-invalid=\"false\" placeholder=\"Phone Number\" value=\"\" type=\"tel\" name=\"phone_number\" \/><\/span>\n\t\t\t<\/p>\n\t\t<\/div>\n\t<\/div>\n\t<div class=\"two_column\">\n\t\t<div class=\"ova_wrap_input\">\n\t\t\t<p><span class=\"wpcf7-form-control-wrap\" data-name=\"your-email\"><input size=\"40\" maxlength=\"400\" class=\"wpcf7-form-control wpcf7-email wpcf7-validates-as-required wpcf7-text wpcf7-validates-as-email\" aria-required=\"true\" aria-invalid=\"false\" placeholder=\"Email\" value=\"\" type=\"email\" name=\"your-email\" \/><\/span>\n\t\t\t<\/p>\n\t\t<\/div>\n\t\t<div class=\"ova_wrap_input\">\n\t\t\t<p><span class=\"wpcf7-form-control-wrap\" data-name=\"subject\"><input size=\"40\" maxlength=\"400\" class=\"wpcf7-form-control wpcf7-text wpcf7-validates-as-required\" aria-required=\"true\" aria-invalid=\"false\" placeholder=\"Subject\" value=\"\" type=\"text\" name=\"subject\" \/><\/span>\n\t\t\t<\/p>\n\t\t<\/div>\n\t<\/div>\n\t<div class=\"ova_wrap_input\">\n\t\t<p><span class=\"wpcf7-form-control-wrap\" data-name=\"message\"><textarea cols=\"40\" rows=\"10\" maxlength=\"2000\" class=\"wpcf7-form-control wpcf7-textarea\" aria-invalid=\"false\" placeholder=\"Write Message\" name=\"message\"><\/textarea><\/span>\n\t\t<\/p>\n\t<\/div>\n<span class=\"wpcf7-form-control-wrap recaptcha\" data-name=\"recaptcha\"><span data-sitekey=\"6LfD3WsrAAAAAE3cG1EFzZuyMWx1xu7MYTlsLwhi\" class=\"wpcf7-form-control wpcf7-recaptcha g-recaptcha\"><\/span>\r\n<noscript>\r\n\t<div class=\"grecaptcha-noscript\">\r\n\t\t<iframe src=\"https:\/\/www.google.com\/recaptcha\/api\/fallback?k=6LfD3WsrAAAAAE3cG1EFzZuyMWx1xu7MYTlsLwhi\" frameborder=\"0\" scrolling=\"no\" width=\"310\" height=\"430\">\r\n\t\t<\/iframe>\r\n\t\t<textarea name=\"g-recaptcha-response\" rows=\"3\" cols=\"40\" placeholder=\"reCaptcha Response Here\">\r\n\t\t<\/textarea>\r\n\t<\/div>\r\n<\/noscript>\r\n<\/span>\n\t<p><button type=\"submit\" class=\"wpcf7-form-control has-spinner wpcf7-submit\">Send Message <i class=\"surancy-arrow-right\"><\/i><\/button>\n\t<\/p>\n<\/div><div class=\"wpcf7-response-output\" aria-hidden=\"true\"><\/div>\n<input type=\"hidden\" name=\"trp-form-language\" value=\"en\"\/><\/form>\n<\/div>\n<\/div>\n\t\t\t\t<\/div>\n\t\t\t\t<\/div>\n\t\t\t\t\t<\/div>\n\t\t<\/div>\n\t\t\t\t\t<\/div>\n\t\t<\/section>\n\t\t\t\t<\/div>","protected":false},"excerpt":{"rendered":"<p>Kontaktinform\u0101cija Kontaktinform\u0101cija Sazin\u0101simies un augsim kop\u0101 Neatkar\u012bgi no t\u0101, vai v\u0113laties tirgoties, invest\u0113t vai sadarboties ar mums, m\u016bsu komanda ir gatava jums pal\u012bdz\u0113t. M\u0113s augstu v\u0113rt\u0113jam caursp\u012bd\u012bgu komunik\u0101ciju un ilgtermi\u0146a attiec\u012bbas, kas balst\u012btas uz uztic\u0113\u0161anos. Sazinieties ar mums, lai uzzin\u0101tu, k\u0101 Agrovoss var atbalst\u012bt j\u016bsu m\u0113r\u0137us. Atra\u0161an\u0101s vieta Ernesta Birznieka-Up\u012b\u0161a iela 13 &#8211; 64, LV-1011 [&hellip;]<\/p>","protected":false},"author":1,"featured_media":0,"parent":0,"menu_order":0,"comment_status":"closed","ping_status":"closed","template":"elementor_header_footer","meta":{"footnotes":""},"class_list":["post-147","page","type-page","status-publish","hentry"],"_links":{"self":[{"href":"https:\/\/agrovoss.lv\/en\/wp-json\/wp\/v2\/pages\/147","targetHints":{"allow":["GET"]}}],"collection":[{"href":"https:\/\/agrovoss.lv\/en\/wp-json\/wp\/v2\/pages"}],"about":[{"href":"https:\/\/agrovoss.lv\/en\/wp-json\/wp\/v2\/types\/page"}],"author":[{"embeddable":true,"href":"https:\/\/agrovoss.lv\/en\/wp-json\/wp\/v2\/users\/1"}],"replies":[{"embeddable":true,"href":"https:\/\/agrovoss.lv\/en\/wp-json\/wp\/v2\/comments?post=147"}],"version-history":[{"count":34,"href":"https:\/\/agrovoss.lv\/en\/wp-json\/wp\/v2\/pages\/147\/revisions"}],"predecessor-version":[{"id":14823,"href":"https:\/\/agrovoss.lv\/en\/wp-json\/wp\/v2\/pages\/147\/revisions\/14823"}],"wp:attachment":[{"href":"https:\/\/agrovoss.lv\/en\/wp-json\/wp\/v2\/media?parent=147"}],"curies":[{"name":"wp","href":"https:\/\/api.w.org\/{rel}","templated":true}]}}